{"id":29,"date":"2012-12-05T21:17:38","date_gmt":"2012-12-05T21:17:38","guid":{"rendered":"http:\/\/lucotter.com\/?page_id=29"},"modified":"2012-12-26T22:04:39","modified_gmt":"2012-12-26T22:04:39","slug":"mini-bio","status":"publish","type":"page","link":"http:\/\/lucotter.com\/?page_id=29","title":{"rendered":"Mini Bio"},"content":{"rendered":"<p>Cin\u00e9aste d&#8217;animation de renomm\u00e9e internationale, <em>Luc Otter<\/em> a \u00e9crit et r\u00e9alis\u00e9 pr\u00e8s d&#8217;une dizaine de courts m\u00e9trages et travaill\u00e9 comme animateur dans le domaine de la vid\u00e9o de musique.<\/p>\n<p>Il a \u00e9tudi\u00e9 les arts plastiques \u00e0 Strasbourg et compl\u00e9t\u00e9 une formation en cin\u00e9ma d&#8217;animation \u00e0 Bruxelles en 1996. Ses courts m\u00e9trages ont \u00e9t\u00e9 pr\u00e9sent\u00e9s dans de nombreux festivals, notamment \u00e0 Cannes en comp\u00e9tition officielle et \u00e0 Annecy, et lui ont valu plusieurs prix.<\/p>\n","protected":false},"excerpt":{"rendered":"<p>Cin\u00e9aste d&#8217;animation de renomm\u00e9e internationale, Luc Otter a \u00e9crit et r\u00e9alis\u00e9 pr\u00e8s d&#8217;une dizaine de courts m\u00e9trages et travaill\u00e9 comme<\/p>\n","protected":false},"author":1,"featured_media":0,"parent":0,"menu_order":0,"comment_status":"open","ping_status":"open","template":"template-bg.php","meta":[],"_links":{"self":[{"href":"http:\/\/lucotter.com\/index.php?rest_route=\/wp\/v2\/pages\/29"}],"collection":[{"href":"http:\/\/lucotter.com\/index.php?rest_route=\/wp\/v2\/pages"}],"about":[{"href":"http:\/\/lucotter.com\/index.php?rest_route=\/wp\/v2\/types\/page"}],"author":[{"embeddable":true,"href":"http:\/\/lucotter.com\/index.php?rest_route=\/wp\/v2\/users\/1"}],"replies":[{"embeddable":true,"href":"http:\/\/lucotter.com\/index.php?rest_route=%2Fwp%2Fv2%2Fcomments&post=29"}],"version-history":[{"count":6,"href":"http:\/\/lucotter.com\/index.php?rest_route=\/wp\/v2\/pages\/29\/revisions"}],"predecessor-version":[{"id":154,"href":"http:\/\/lucotter.com\/index.php?rest_route=\/wp\/v2\/pages\/29\/revisions\/154"}],"wp:attachment":[{"href":"http:\/\/lucotter.com\/index.php?rest_route=%2Fwp%2Fv2%2Fmedia&parent=29"}],"curies":[{"name":"wp","href":"https:\/\/api.w.org\/{rel}","templated":true}]}}